{"id":5378,"date":"2022-07-28T08:10:42","date_gmt":"2022-07-28T08:10:42","guid":{"rendered":"https:\/\/so-events.org\/?page_id=5378"},"modified":"2025-08-19T12:20:21","modified_gmt":"2025-08-19T12:20:21","slug":"ueber-uns","status":"publish","type":"page","link":"https:\/\/so-events.org\/de\/ueber-uns","title":{"rendered":"\u00dcber uns"},"content":{"rendered":"\t\t<div data-elementor-type=\"wp-page\" data-elementor-id=\"5378\" class=\"elementor elementor-5378\" data-elementor-post-type=\"page\">\n\t\t\t\t\t\t<section class=\"elementor-section elementor-top-section elementor-element elementor-element-1ed1406 elementor-section-height-min-height elementor-section-boxed elementor-section-height-default elementor-section-items-middle\" data-id=\"1ed1406\" data-element_type=\"section\" data-settings=\"{&quot;background_background&quot;:&quot;gradient&quot;}\">\n\t\t\t\t\t\t<div class=\"elementor-container elementor-column-gap-default\">\n\t\t\t\t\t<div class=\"elementor-column elementor-col-100 elementor-top-column elementor-element elementor-element-2f19961\" data-id=\"2f19961\" data-element_type=\"column\">\n\t\t\t<div class=\"elementor-widget-wrap elementor-element-populated\">\n\t\t\t\t\t\t<div class=\"elementor-element elementor-element-fa556f9 elementor-widget elementor-widget-heading\" data-id=\"fa556f9\" data-element_type=\"widget\" data-widget_type=\"heading.default\">\n\t\t\t\t\t<h1 class=\"elementor-heading-title elementor-size-default\">\u00dcber uns<\/h1>\t\t\t\t<\/div>\n\t\t\t\t\t<\/div>\n\t\t<\/div>\n\t\t\t\t\t<\/div>\n\t\t<\/section>\n\t\t\t\t<section class=\"elementor-section elementor-top-section elementor-element elementor-element-38b466a elementor-section-full_width elementor-section-stretched elementor-reverse-mobile elementor-section-height-default elementor-section-height-default\" data-id=\"38b466a\" data-element_type=\"section\" id=\"about\" data-settings=\"{&quot;stretch_section&quot;:&quot;section-stretched&quot;}\">\n\t\t\t\t\t\t<div class=\"elementor-container elementor-column-gap-default\">\n\t\t\t\t\t<div class=\"elementor-column elementor-col-50 elementor-top-column elementor-element elementor-element-6641886\" data-id=\"6641886\" data-element_type=\"column\" data-settings=\"{&quot;background_background&quot;:&quot;classic&quot;}\">\n\t\t\t<div class=\"elementor-widget-wrap elementor-element-populated\">\n\t\t\t\t\t\t<div class=\"elementor-element elementor-element-1e7e9e1 elementor-widget elementor-widget-spacer\" data-id=\"1e7e9e1\" data-element_type=\"widget\" data-widget_type=\"spacer.default\">\n\t\t\t\t\t\t\t<div class=\"elementor-spacer\">\n\t\t\t<div class=\"elementor-spacer-inner\"><\/div>\n\t\t<\/div>\n\t\t\t\t\t\t<\/div>\n\t\t\t\t\t<\/div>\n\t\t<\/div>\n\t\t\t\t<div class=\"elementor-column elementor-col-50 elementor-top-column elementor-element elementor-element-b70145d\" data-id=\"b70145d\" data-element_type=\"column\" data-settings=\"{&quot;background_background&quot;:&quot;classic&quot;}\">\n\t\t\t<div class=\"elementor-widget-wrap elementor-element-populated\">\n\t\t\t\t\t\t<div class=\"elementor-element elementor-element-d59110d elementor-widget elementor-widget-image\" data-id=\"d59110d\" data-element_type=\"widget\" data-widget_type=\"image.default\">\n\t\t\t\t\t\t\t\t\t\t\t\t\t\t\t\t<a href=\"https:\/\/purpose-economy.org\/de\/\" target=\"_blank\">\n\t\t\t\t\t\t\t<img fetchpriority=\"high\" decoding=\"async\" width=\"1667\" height=\"575\" src=\"https:\/\/so-events.org\/wp-content\/uploads\/2025\/02\/Purpose_Foundation.png\" class=\"attachment-full size-full wp-image-7803\" alt=\"\" srcset=\"https:\/\/so-events.org\/wp-content\/uploads\/2025\/02\/Purpose_Foundation.png 1667w, https:\/\/so-events.org\/wp-content\/uploads\/2025\/02\/Purpose_Foundation-300x103.png 300w, https:\/\/so-events.org\/wp-content\/uploads\/2025\/02\/Purpose_Foundation-1024x353.png 1024w, https:\/\/so-events.org\/wp-content\/uploads\/2025\/02\/Purpose_Foundation-768x265.png 768w, https:\/\/so-events.org\/wp-content\/uploads\/2025\/02\/Purpose_Foundation-1536x530.png 1536w\" sizes=\"(max-width: 1667px) 100vw, 1667px\" \/>\t\t\t\t\t\t\t\t<\/a>\n\t\t\t\t\t\t\t\t\t\t\t\t\t\t\t<\/div>\n\t\t\t\t<div class=\"elementor-element elementor-element-8f1b5a3 elementor-widget__width-inherit elementor-widget elementor-widget-text-editor\" data-id=\"8f1b5a3\" data-element_type=\"widget\" data-widget_type=\"text-editor.default\">\n\t\t\t\t\t\t\t\t\t<p>2015 gegr\u00fcndet, hat es sich die <strong>Purpose Stiftung<\/strong> zur Aufgabe gemacht, Verantwortungseigentum als alternative Eigentumsform in verschiedenen Regionen der Welt bekannter und leichter zug\u00e4nglich zu machen. Der Fokus ihrer gemeinn\u00fctzigen Arbeit liegt dabei auf Wissenschaft und Bildung. In der Praxis generiertes Wissen und unternehmerische Erfahrungen sowie Forschungserkenntnisse werden gesammelt und aufbereitet und in Form von Publikationen, Veranstaltungen und Open-Source-Materialien der Allgemeinheit zur Verf\u00fcgung gestellt. Zentrale Mission der Purpose Stiftung ist es, zu einer Wirtschaft beizutragen, die Mensch, Gesellschaft und Umwelt dient.<\/p>\t\t\t\t\t\t\t\t<\/div>\n\t\t\t\t<div class=\"elementor-element elementor-element-ca3b596 e-grid-align-left elementor-shape-rounded elementor-grid-0 elementor-widget elementor-widget-social-icons\" data-id=\"ca3b596\" data-element_type=\"widget\" data-widget_type=\"social-icons.default\">\n\t\t\t\t\t\t\t<div class=\"elementor-social-icons-wrapper elementor-grid\" role=\"list\">\n\t\t\t\t\t\t\t<span class=\"elementor-grid-item\" role=\"listitem\">\n\t\t\t\t\t<a class=\"elementor-icon elementor-social-icon elementor-social-icon-linkedin elementor-repeater-item-d961c86\" href=\"https:\/\/www.linkedin.com\/company\/purpose-economy\" target=\"_blank\">\n\t\t\t\t\t\t<span class=\"elementor-screen-only\">Linkedin<\/span>\n\t\t\t\t\t\t<i aria-hidden=\"true\" class=\"fab fa-linkedin\"><\/i>\t\t\t\t\t<\/a>\n\t\t\t\t<\/span>\n\t\t\t\t\t\t\t<span class=\"elementor-grid-item\" role=\"listitem\">\n\t\t\t\t\t<a class=\"elementor-icon elementor-social-icon elementor-social-icon-instagram elementor-repeater-item-15f75f1\" href=\"https:\/\/www.instagram.com\/purpose_economy\/\" target=\"_blank\">\n\t\t\t\t\t\t<span class=\"elementor-screen-only\">Instagram<\/span>\n\t\t\t\t\t\t<i aria-hidden=\"true\" class=\"fab fa-instagram\"><\/i>\t\t\t\t\t<\/a>\n\t\t\t\t<\/span>\n\t\t\t\t\t\t\t<span class=\"elementor-grid-item\" role=\"listitem\">\n\t\t\t\t\t<a class=\"elementor-icon elementor-social-icon elementor-social-icon-youtube elementor-repeater-item-d072296\" href=\"https:\/\/www.youtube.com\/c\/PurposeEconomy\" target=\"_blank\">\n\t\t\t\t\t\t<span class=\"elementor-screen-only\">Youtube<\/span>\n\t\t\t\t\t\t<i aria-hidden=\"true\" class=\"fab fa-youtube\"><\/i>\t\t\t\t\t<\/a>\n\t\t\t\t<\/span>\n\t\t\t\t\t<\/div>\n\t\t\t\t\t\t<\/div>\n\t\t\t\t\t<\/div>\n\t\t<\/div>\n\t\t\t\t\t<\/div>\n\t\t<\/section>\n\t\t\t\t<section class=\"elementor-section elementor-top-section elementor-element elementor-element-b072583 elementor-section-full_width elementor-section-stretched elementor-section-height-default elementor-section-height-default\" data-id=\"b072583\" data-element_type=\"section\" data-settings=\"{&quot;stretch_section&quot;:&quot;section-stretched&quot;}\">\n\t\t\t\t\t\t<div class=\"elementor-container elementor-column-gap-default\">\n\t\t\t\t\t<div class=\"elementor-column elementor-col-50 elementor-top-column elementor-element elementor-element-186d581\" data-id=\"186d581\" data-element_type=\"column\" data-settings=\"{&quot;background_background&quot;:&quot;classic&quot;}\">\n\t\t\t<div class=\"elementor-widget-wrap elementor-element-populated\">\n\t\t\t\t\t\t<div class=\"elementor-element elementor-element-155e249 elementor-widget elementor-widget-image\" data-id=\"155e249\" data-element_type=\"widget\" data-widget_type=\"image.default\">\n\t\t\t\t\t\t\t\t\t\t\t\t\t\t\t\t<a href=\"https:\/\/stiftung-verantwortungseigentum.de\" target=\"_blank\">\n\t\t\t\t\t\t\t<img decoding=\"async\" width=\"1497\" height=\"280\" src=\"https:\/\/so-events.org\/wp-content\/uploads\/2022\/04\/SVELogo.png\" class=\"attachment-full size-full wp-image-586\" alt=\"\" srcset=\"https:\/\/so-events.org\/wp-content\/uploads\/2022\/04\/SVELogo.png 1497w, https:\/\/so-events.org\/wp-content\/uploads\/2022\/04\/SVELogo-300x56.png 300w, https:\/\/so-events.org\/wp-content\/uploads\/2022\/04\/SVELogo-1024x192.png 1024w, https:\/\/so-events.org\/wp-content\/uploads\/2022\/04\/SVELogo-768x144.png 768w\" sizes=\"(max-width: 1497px) 100vw, 1497px\" \/>\t\t\t\t\t\t\t\t<\/a>\n\t\t\t\t\t\t\t\t\t\t\t\t\t\t\t<\/div>\n\t\t\t\t<div class=\"elementor-element elementor-element-35a33ed elementor-widget__width-inherit elementor-widget elementor-widget-text-editor\" data-id=\"35a33ed\" data-element_type=\"widget\" data-widget_type=\"text-editor.default\">\n\t\t\t\t\t\t\t\t\t<p>Die <b>Stiftung Verantwortungseigentum<\/b> (SVE), gegr\u00fcndet im November 2019, vernetzt Unternehmen in Verantwortungseigentum in Deutschland und setzt sich f\u00fcr bessere rechtliche Rahmenbedingungen f\u00fcr das treuh\u00e4ndische Eigentumsverst\u00e4ndnis ein. Daf\u00fcr steht die SVE in Austausch mit unabh\u00e4ngigen Rechtswissenschaftler:innen, die einen Gesetzentwurf f\u00fcr eine neue Rechtsform f\u00fcr Verantwortungseigentum ausgearbeitet haben, und in direktem Kontakt zur Politik. Die neue Bundesregierung aus Union und SPD hat sich in ihrem Koalitionsvertrag dazu bekannt, in der kommenden Legislatur\u00a0eine eigenst\u00e4ndige<br \/>neue Rechtsform f\u00fcr eine \u201eGesellschaft mit gebundenem Verm\u00f6gen\u201c einzuf\u00fchren. \u00dcber die politische Arbeit hinaus, f\u00f6rdert die SVE im Rahmen einer gemeinn\u00fctzigen Kooperation, Bildung und Forschung, sowie die Information und den Erfahrungsaustausch rund um das Thema Verantwortungseigentum.<\/p>\t\t\t\t\t\t\t\t<\/div>\n\t\t\t\t<div class=\"elementor-element elementor-element-3768e6b e-grid-align-left elementor-shape-rounded elementor-grid-0 elementor-widget elementor-widget-social-icons\" data-id=\"3768e6b\" data-element_type=\"widget\" data-widget_type=\"social-icons.default\">\n\t\t\t\t\t\t\t<div class=\"elementor-social-icons-wrapper elementor-grid\" role=\"list\">\n\t\t\t\t\t\t\t<span class=\"elementor-grid-item\" role=\"listitem\">\n\t\t\t\t\t<a class=\"elementor-icon elementor-social-icon elementor-social-icon-twitter elementor-repeater-item-8e08447\" href=\"https:\/\/twitter.com\/StiftungVE\" target=\"_blank\">\n\t\t\t\t\t\t<span class=\"elementor-screen-only\">Twitter<\/span>\n\t\t\t\t\t\t<i aria-hidden=\"true\" class=\"fab fa-twitter\"><\/i>\t\t\t\t\t<\/a>\n\t\t\t\t<\/span>\n\t\t\t\t\t\t\t<span class=\"elementor-grid-item\" role=\"listitem\">\n\t\t\t\t\t<a class=\"elementor-icon elementor-social-icon elementor-social-icon-linkedin elementor-repeater-item-d961c86\" href=\"https:\/\/de.linkedin.com\/company\/stiftung-verantwortungseigentum\" target=\"_blank\">\n\t\t\t\t\t\t<span class=\"elementor-screen-only\">Linkedin<\/span>\n\t\t\t\t\t\t<i aria-hidden=\"true\" class=\"fab fa-linkedin\"><\/i>\t\t\t\t\t<\/a>\n\t\t\t\t<\/span>\n\t\t\t\t\t\t\t<span class=\"elementor-grid-item\" role=\"listitem\">\n\t\t\t\t\t<a class=\"elementor-icon elementor-social-icon elementor-social-icon-instagram elementor-repeater-item-15f75f1\" href=\"https:\/\/www.instagram.com\/neuerechtsform\/\" target=\"_blank\">\n\t\t\t\t\t\t<span class=\"elementor-screen-only\">Instagram<\/span>\n\t\t\t\t\t\t<i aria-hidden=\"true\" class=\"fab fa-instagram\"><\/i>\t\t\t\t\t<\/a>\n\t\t\t\t<\/span>\n\t\t\t\t\t\t\t<span class=\"elementor-grid-item\" role=\"listitem\">\n\t\t\t\t\t<a class=\"elementor-icon elementor-social-icon elementor-social-icon-youtube elementor-repeater-item-d1d6e7b\" href=\"https:\/\/www.youtube.com\/channel\/UCWEqPI3akUe3Iw9qNqpWL4Q\" target=\"_blank\">\n\t\t\t\t\t\t<span class=\"elementor-screen-only\">Youtube<\/span>\n\t\t\t\t\t\t<i aria-hidden=\"true\" class=\"fab fa-youtube\"><\/i>\t\t\t\t\t<\/a>\n\t\t\t\t<\/span>\n\t\t\t\t\t<\/div>\n\t\t\t\t\t\t<\/div>\n\t\t\t\t\t<\/div>\n\t\t<\/div>\n\t\t\t\t<div class=\"elementor-column elementor-col-50 elementor-top-column elementor-element elementor-element-a3d0901\" data-id=\"a3d0901\" data-element_type=\"column\" data-settings=\"{&quot;background_background&quot;:&quot;classic&quot;}\">\n\t\t\t<div class=\"elementor-widget-wrap elementor-element-populated\">\n\t\t\t\t\t\t<div class=\"elementor-element elementor-element-8d93477 elementor-widget elementor-widget-spacer\" data-id=\"8d93477\" data-element_type=\"widget\" data-widget_type=\"spacer.default\">\n\t\t\t\t\t\t\t<div class=\"elementor-spacer\">\n\t\t\t<div class=\"elementor-spacer-inner\"><\/div>\n\t\t<\/div>\n\t\t\t\t\t\t<\/div>\n\t\t\t\t\t<\/div>\n\t\t<\/div>\n\t\t\t\t\t<\/div>\n\t\t<\/section>\n\t\t\t\t<section class=\"elementor-section elementor-top-section elementor-element elementor-element-a093703 elementor-section-boxed elementor-section-height-default elementor-section-height-default\" data-id=\"a093703\" data-element_type=\"section\" data-settings=\"{&quot;background_background&quot;:&quot;classic&quot;}\">\n\t\t\t\t\t\t<div class=\"elementor-container elementor-column-gap-default\">\n\t\t\t\t\t<div class=\"elementor-column elementor-col-100 elementor-top-column elementor-element elementor-element-1607ba6\" data-id=\"1607ba6\" data-element_type=\"column\">\n\t\t\t<div class=\"elementor-widget-wrap elementor-element-populated\">\n\t\t\t\t\t\t<div class=\"elementor-element elementor-element-d7b6e0c elementor-widget__width-inherit elementor-widget elementor-widget-text-editor\" data-id=\"d7b6e0c\" data-element_type=\"widget\" data-widget_type=\"text-editor.default\">\n\t\t\t\t\t\t\t\t\t<p>Melde dich bei unserem Newsletter an, um keine Neuigkeiten \u00fcber die Konferenz zu verpassen!<\/p>\t\t\t\t\t\t\t\t<\/div>\n\t\t\t\t<div class=\"elementor-element elementor-element-7d30d17 elementor-align-center elementor-widget elementor-widget-button\" data-id=\"7d30d17\" data-element_type=\"widget\" data-widget_type=\"button.default\">\n\t\t\t\t\t\t\t\t\t\t<a class=\"elementor-button elementor-button-link elementor-size-sm\" href=\"https:\/\/dashboard.mailerlite.com\/forms\/580835\/143061966746814145\/share\" target=\"_blank\">\n\t\t\t\t\t\t<span class=\"elementor-button-content-wrapper\">\n\t\t\t\t\t\t\t\t\t<span class=\"elementor-button-text\">Newsletter-Anmeldung<\/span>\n\t\t\t\t\t<\/span>\n\t\t\t\t\t<\/a>\n\t\t\t\t\t\t\t\t<\/div>\n\t\t\t\t\t<\/div>\n\t\t<\/div>\n\t\t\t\t\t<\/div>\n\t\t<\/section>\n\t\t\t\t<\/div>\n\t\t","protected":false},"excerpt":{"rendered":"<p>\u00dcber uns 2015 gegr\u00fcndet, hat es sich die Purpose Stiftung zur Aufgabe gemacht, Verantwortungseigentum als alternative Eigentumsform in verschiedenen Regionen der Welt bekannter und leichter zug\u00e4nglich zu machen. Der Fokus ihrer gemeinn\u00fctzigen Arbeit liegt dabei auf Wissenschaft und Bildung. In der Praxis generiertes Wissen und unternehmerische Erfahrungen sowie Forschungserkenntnisse werden gesammelt und aufbereitet und in [&hellip;]<\/p>\n","protected":false},"author":1,"featured_media":0,"parent":0,"menu_order":29,"comment_status":"closed","ping_status":"closed","template":"","meta":{"_acf_changed":false,"footnotes":""},"class_list":["post-5378","page","type-page","status-publish","hentry"],"acf":[],"yoast_head":"<!-- This site is optimized with the Yoast SEO plugin v26.1.1 - https:\/\/yoast.com\/wordpress\/plugins\/seo\/ -->\n<title>\u00dcber uns - SO:25<\/title>\n<meta name=\"robots\" content=\"index, follow, max-snippet:-1, max-image-preview:large, max-video-preview:-1\" \/>\n<link rel=\"canonical\" href=\"https:\/\/so-events.org\/de\/ueber-uns\" \/>\n<meta property=\"og:locale\" content=\"de_DE\" \/>\n<meta property=\"og:type\" content=\"article\" \/>\n<meta property=\"og:title\" content=\"\u00dcber uns - SO:25\" \/>\n<meta property=\"og:description\" content=\"\u00dcber uns 2015 gegr\u00fcndet, hat es sich die Purpose Stiftung zur Aufgabe gemacht, Verantwortungseigentum als alternative Eigentumsform in verschiedenen Regionen der Welt bekannter und leichter zug\u00e4nglich zu machen. Der Fokus ihrer gemeinn\u00fctzigen Arbeit liegt dabei auf Wissenschaft und Bildung. In der Praxis generiertes Wissen und unternehmerische Erfahrungen sowie Forschungserkenntnisse werden gesammelt und aufbereitet und in [&hellip;]\" \/>\n<meta property=\"og:url\" content=\"https:\/\/so-events.org\/de\/ueber-uns\" \/>\n<meta property=\"og:site_name\" content=\"SO:25\" \/>\n<meta property=\"article:modified_time\" content=\"2025-08-19T12:20:21+00:00\" \/>\n<meta property=\"og:image\" content=\"https:\/\/so-events.org\/wp-content\/uploads\/2025\/02\/Purpose_Foundation.png\" \/>\n<meta name=\"twitter:card\" content=\"summary_large_image\" \/>\n<meta name=\"twitter:label1\" content=\"Gesch\u00e4tzte Lesezeit\" \/>\n\t<meta name=\"twitter:data1\" content=\"2\u00a0Minuten\" \/>\n<script type=\"application\/ld+json\" class=\"yoast-schema-graph\">{\"@context\":\"https:\/\/schema.org\",\"@graph\":[{\"@type\":\"WebPage\",\"@id\":\"https:\/\/so-events.org\/de\/ueber-uns\",\"url\":\"https:\/\/so-events.org\/de\/ueber-uns\",\"name\":\"\u00dcber uns - SO:25\",\"isPartOf\":{\"@id\":\"https:\/\/so-events.org\/#website\"},\"primaryImageOfPage\":{\"@id\":\"https:\/\/so-events.org\/de\/ueber-uns#primaryimage\"},\"image\":{\"@id\":\"https:\/\/so-events.org\/de\/ueber-uns#primaryimage\"},\"thumbnailUrl\":\"https:\/\/so-events.org\/wp-content\/uploads\/2025\/02\/Purpose_Foundation.png\",\"datePublished\":\"2022-07-28T08:10:42+00:00\",\"dateModified\":\"2025-08-19T12:20:21+00:00\",\"breadcrumb\":{\"@id\":\"https:\/\/so-events.org\/de\/ueber-uns#breadcrumb\"},\"inLanguage\":\"de\",\"potentialAction\":[{\"@type\":\"ReadAction\",\"target\":[\"https:\/\/so-events.org\/de\/ueber-uns\"]}]},{\"@type\":\"ImageObject\",\"inLanguage\":\"de\",\"@id\":\"https:\/\/so-events.org\/de\/ueber-uns#primaryimage\",\"url\":\"https:\/\/so-events.org\/wp-content\/uploads\/2025\/02\/Purpose_Foundation.png\",\"contentUrl\":\"https:\/\/so-events.org\/wp-content\/uploads\/2025\/02\/Purpose_Foundation.png\"},{\"@type\":\"BreadcrumbList\",\"@id\":\"https:\/\/so-events.org\/de\/ueber-uns#breadcrumb\",\"itemListElement\":[{\"@type\":\"ListItem\",\"position\":1,\"name\":\"Startseite\",\"item\":\"https:\/\/so-events.org\/\"},{\"@type\":\"ListItem\",\"position\":2,\"name\":\"\u00dcber uns\"}]},{\"@type\":\"WebSite\",\"@id\":\"https:\/\/so-events.org\/#website\",\"url\":\"https:\/\/so-events.org\/\",\"name\":\"VE:25\",\"description\":\"Purpose\",\"publisher\":{\"@id\":\"https:\/\/so-events.org\/#organization\"},\"potentialAction\":[{\"@type\":\"SearchAction\",\"target\":{\"@type\":\"EntryPoint\",\"urlTemplate\":\"https:\/\/so-events.org\/?s={search_term_string}\"},\"query-input\":{\"@type\":\"PropertyValueSpecification\",\"valueRequired\":true,\"valueName\":\"search_term_string\"}}],\"inLanguage\":\"de\"},{\"@type\":\"Organization\",\"@id\":\"https:\/\/so-events.org\/#organization\",\"name\":\"VE:25\",\"url\":\"https:\/\/so-events.org\/\",\"logo\":{\"@type\":\"ImageObject\",\"inLanguage\":\"de\",\"@id\":\"https:\/\/so-events.org\/#\/schema\/logo\/image\/\",\"url\":\"https:\/\/so-events.org\/wp-content\/uploads\/2024\/09\/se25-logo.png\",\"contentUrl\":\"https:\/\/so-events.org\/wp-content\/uploads\/2024\/09\/se25-logo.png\",\"width\":1042,\"height\":393,\"caption\":\"VE:25\"},\"image\":{\"@id\":\"https:\/\/so-events.org\/#\/schema\/logo\/image\/\"}}]}<\/script>\n<!-- \/ Yoast SEO plugin. -->","yoast_head_json":{"title":"\u00dcber uns - SO:25","robots":{"index":"index","follow":"follow","max-snippet":"max-snippet:-1","max-image-preview":"max-image-preview:large","max-video-preview":"max-video-preview:-1"},"canonical":"https:\/\/so-events.org\/de\/ueber-uns","og_locale":"de_DE","og_type":"article","og_title":"\u00dcber uns - SO:25","og_description":"\u00dcber uns 2015 gegr\u00fcndet, hat es sich die Purpose Stiftung zur Aufgabe gemacht, Verantwortungseigentum als alternative Eigentumsform in verschiedenen Regionen der Welt bekannter und leichter zug\u00e4nglich zu machen. Der Fokus ihrer gemeinn\u00fctzigen Arbeit liegt dabei auf Wissenschaft und Bildung. In der Praxis generiertes Wissen und unternehmerische Erfahrungen sowie Forschungserkenntnisse werden gesammelt und aufbereitet und in [&hellip;]","og_url":"https:\/\/so-events.org\/de\/ueber-uns","og_site_name":"SO:25","article_modified_time":"2025-08-19T12:20:21+00:00","og_image":[{"url":"https:\/\/so-events.org\/wp-content\/uploads\/2025\/02\/Purpose_Foundation.png","type":"","width":"","height":""}],"twitter_card":"summary_large_image","twitter_misc":{"Gesch\u00e4tzte Lesezeit":"2\u00a0Minuten"},"schema":{"@context":"https:\/\/schema.org","@graph":[{"@type":"WebPage","@id":"https:\/\/so-events.org\/de\/ueber-uns","url":"https:\/\/so-events.org\/de\/ueber-uns","name":"\u00dcber uns - SO:25","isPartOf":{"@id":"https:\/\/so-events.org\/#website"},"primaryImageOfPage":{"@id":"https:\/\/so-events.org\/de\/ueber-uns#primaryimage"},"image":{"@id":"https:\/\/so-events.org\/de\/ueber-uns#primaryimage"},"thumbnailUrl":"https:\/\/so-events.org\/wp-content\/uploads\/2025\/02\/Purpose_Foundation.png","datePublished":"2022-07-28T08:10:42+00:00","dateModified":"2025-08-19T12:20:21+00:00","breadcrumb":{"@id":"https:\/\/so-events.org\/de\/ueber-uns#breadcrumb"},"inLanguage":"de","potentialAction":[{"@type":"ReadAction","target":["https:\/\/so-events.org\/de\/ueber-uns"]}]},{"@type":"ImageObject","inLanguage":"de","@id":"https:\/\/so-events.org\/de\/ueber-uns#primaryimage","url":"https:\/\/so-events.org\/wp-content\/uploads\/2025\/02\/Purpose_Foundation.png","contentUrl":"https:\/\/so-events.org\/wp-content\/uploads\/2025\/02\/Purpose_Foundation.png"},{"@type":"BreadcrumbList","@id":"https:\/\/so-events.org\/de\/ueber-uns#breadcrumb","itemListElement":[{"@type":"ListItem","position":1,"name":"Startseite","item":"https:\/\/so-events.org\/"},{"@type":"ListItem","position":2,"name":"\u00dcber uns"}]},{"@type":"WebSite","@id":"https:\/\/so-events.org\/#website","url":"https:\/\/so-events.org\/","name":"VE:25","description":"Purpose","publisher":{"@id":"https:\/\/so-events.org\/#organization"},"potentialAction":[{"@type":"SearchAction","target":{"@type":"EntryPoint","urlTemplate":"https:\/\/so-events.org\/?s={search_term_string}"},"query-input":{"@type":"PropertyValueSpecification","valueRequired":true,"valueName":"search_term_string"}}],"inLanguage":"de"},{"@type":"Organization","@id":"https:\/\/so-events.org\/#organization","name":"VE:25","url":"https:\/\/so-events.org\/","logo":{"@type":"ImageObject","inLanguage":"de","@id":"https:\/\/so-events.org\/#\/schema\/logo\/image\/","url":"https:\/\/so-events.org\/wp-content\/uploads\/2024\/09\/se25-logo.png","contentUrl":"https:\/\/so-events.org\/wp-content\/uploads\/2024\/09\/se25-logo.png","width":1042,"height":393,"caption":"VE:25"},"image":{"@id":"https:\/\/so-events.org\/#\/schema\/logo\/image\/"}}]}},"_links":{"self":[{"href":"https:\/\/so-events.org\/de\/wp-json\/wp\/v2\/pages\/5378","targetHints":{"allow":["GET"]}}],"collection":[{"href":"https:\/\/so-events.org\/de\/wp-json\/wp\/v2\/pages"}],"about":[{"href":"https:\/\/so-events.org\/de\/wp-json\/wp\/v2\/types\/page"}],"author":[{"embeddable":true,"href":"https:\/\/so-events.org\/de\/wp-json\/wp\/v2\/users\/1"}],"replies":[{"embeddable":true,"href":"https:\/\/so-events.org\/de\/wp-json\/wp\/v2\/comments?post=5378"}],"version-history":[{"count":0,"href":"https:\/\/so-events.org\/de\/wp-json\/wp\/v2\/pages\/5378\/revisions"}],"wp:attachment":[{"href":"https:\/\/so-events.org\/de\/wp-json\/wp\/v2\/media?parent=5378"}],"curies":[{"name":"wp","href":"https:\/\/api.w.org\/{rel}","templated":true}]}}